{"id":221,"date":"2023-04-02T07:20:35","date_gmt":"2023-04-02T07:20:35","guid":{"rendered":"https:\/\/www.vodotopoholesov.cz\/?page_id=221"},"modified":"2023-04-07T07:18:51","modified_gmt":"2023-04-07T07:18:51","slug":"solarni-panely","status":"publish","type":"page","link":"https:\/\/www.vodotopoholesov.cz\/?page_id=221","title":{"rendered":"Sol\u00e1rn\u00ed panely"},"content":{"rendered":"\n<p>Sol\u00e1rn\u00ed panely montujeme od A do Z. Nen\u00ed pro n\u00e1s probl\u00e9m <strong>dostat a uchytit panely na \u017e\u00e1dnou st\u0159echu<\/strong>. <strong>Mont\u00e1\u017e, regulace a samotn\u00e9 spu\u0161t\u011bn\u00ed je samoz\u0159ejmost\u00ed. <\/strong>Je kr\u00e1sn\u00e9 jezdit tady po okol\u00ed a vid\u011bt st\u0159echy z\u00e1kazn\u00edk\u016f, jak jsou os\u00e1zeny na\u0161emi sol\u00e1rn\u00edmi panely a ob\u010das zastavit a zeptat se, jak jsou spokojen\u00ed. My preferujeme jedno heslo &#8222;<strong>Nejlep\u0161\u00ed reklama je spokojen\u00fd z\u00e1kazn\u00edk<\/strong>&#8222;.<\/p>\n\n\n\n<figure class=\"wp-block-gallery has-nested-images columns-3 is-cropped wp-block-gallery-1 is-layout-flex wp-block-gallery-is-layout-flex\">\n<figure class=\"wp-block-image size-large\"><a href=\"https:\/\/www.vodotopoholesov.cz\/wp-content\/uploads\/2023\/04\/cropped-IMG_8203.jpg\"><img fetchpriority=\"high\" decoding=\"async\" width=\"1024\" height=\"581\" data-id=\"230\" src=\"https:\/\/www.vodotopoholesov.cz\/wp-content\/uploads\/2023\/04\/cropped-IMG_8203-1024x581.jpg\" alt=\"\" class=\"wp-image-230\" srcset=\"https:\/\/www.vodotopoholesov.cz\/wp-content\/uploads\/2023\/04\/cropped-IMG_8203-1024x581.jpg 1024w, https:\/\/www.vodotopoholesov.cz\/wp-content\/uploads\/2023\/04\/cropped-IMG_8203-300x170.jpg 300w, https:\/\/www.vodotopoholesov.cz\/wp-content\/uploads\/2023\/04\/cropped-IMG_8203-768x435.jpg 768w, https:\/\/www.vodotopoholesov.cz\/wp-content\/uploads\/2023\/04\/cropped-IMG_8203.jpg 1053w\" sizes=\"(max-width: 1024px) 100vw, 1024px\" \/><\/a><\/figure>\n\n\n\n<figure class=\"wp-block-image size-full\"><a href=\"https:\/\/www.vodotopoholesov.cz\/wp-content\/uploads\/2023\/04\/IMG-8402.jpg\"><img decoding=\"async\" width=\"1260\" height=\"597\" data-id=\"255\" src=\"https:\/\/www.vodotopoholesov.cz\/wp-content\/uploads\/2023\/04\/IMG-8402.jpg\" alt=\"\" class=\"wp-image-255\" srcset=\"https:\/\/www.vodotopoholesov.cz\/wp-content\/uploads\/2023\/04\/IMG-8402.jpg 1260w, https:\/\/www.vodotopoholesov.cz\/wp-content\/uploads\/2023\/04\/IMG-8402-300x142.jpg 300w, https:\/\/www.vodotopoholesov.cz\/wp-content\/uploads\/2023\/04\/IMG-8402-1024x485.jpg 1024w, https:\/\/www.vodotopoholesov.cz\/wp-content\/uploads\/2023\/04\/IMG-8402-768x364.jpg 768w, https:\/\/www.vodotopoholesov.cz\/wp-content\/uploads\/2023\/04\/IMG-8402-1140x540.jpg 1140w\" sizes=\"(max-width: 1260px) 100vw, 1260px\" \/><\/a><\/figure>\n\n\n\n<figure class=\"wp-block-image size-large\"><a href=\"https:\/\/www.vodotopoholesov.cz\/wp-content\/uploads\/2023\/04\/IMG-8401.jpg\"><img decoding=\"async\" width=\"1024\" height=\"485\" data-id=\"256\" src=\"https:\/\/www.vodotopoholesov.cz\/wp-content\/uploads\/2023\/04\/IMG-8401-1024x485.jpg\" alt=\"\" class=\"wp-image-256\" srcset=\"https:\/\/www.vodotopoholesov.cz\/wp-content\/uploads\/2023\/04\/IMG-8401-1024x485.jpg 1024w, https:\/\/www.vodotopoholesov.cz\/wp-content\/uploads\/2023\/04\/IMG-8401-300x142.jpg 300w, https:\/\/www.vodotopoholesov.cz\/wp-content\/uploads\/2023\/04\/IMG-8401-768x364.jpg 768w, https:\/\/www.vodotopoholesov.cz\/wp-content\/uploads\/2023\/04\/IMG-8401-1140x540.jpg 1140w, https:\/\/www.vodotopoholesov.cz\/wp-content\/uploads\/2023\/04\/IMG-8401.jpg 1260w\" sizes=\"(max-width: 1024px) 100vw, 1024px\" \/><\/a><\/figure>\n\n\n\n<figure class=\"wp-block-image size-full\"><a href=\"https:\/\/www.vodotopoholesov.cz\/wp-content\/uploads\/2023\/04\/IMG-8403.jpg\"><img loading=\"lazy\" decoding=\"async\" width=\"1260\" height=\"597\" data-id=\"257\" src=\"https:\/\/www.vodotopoholesov.cz\/wp-content\/uploads\/2023\/04\/IMG-8403.jpg\" alt=\"\" class=\"wp-image-257\" srcset=\"https:\/\/www.vodotopoholesov.cz\/wp-content\/uploads\/2023\/04\/IMG-8403.jpg 1260w, https:\/\/www.vodotopoholesov.cz\/wp-content\/uploads\/2023\/04\/IMG-8403-300x142.jpg 300w, https:\/\/www.vodotopoholesov.cz\/wp-content\/uploads\/2023\/04\/IMG-8403-1024x485.jpg 1024w, https:\/\/www.vodotopoholesov.cz\/wp-content\/uploads\/2023\/04\/IMG-8403-768x364.jpg 768w, https:\/\/www.vodotopoholesov.cz\/wp-content\/uploads\/2023\/04\/IMG-8403-1140x540.jpg 1140w\" sizes=\"(max-width: 1260px) 100vw, 1260px\" \/><\/a><\/figure>\n\n\n\n<figure class=\"wp-block-image size-full\"><a href=\"https:\/\/www.vodotopoholesov.cz\/wp-content\/uploads\/2023\/04\/IMG-8546.jpg\"><img loading=\"lazy\" decoding=\"async\" width=\"756\" height=\"358\" data-id=\"273\" src=\"https:\/\/www.vodotopoholesov.cz\/wp-content\/uploads\/2023\/04\/IMG-8546.jpg\" alt=\"\" class=\"wp-image-273\" srcset=\"https:\/\/www.vodotopoholesov.cz\/wp-content\/uploads\/2023\/04\/IMG-8546.jpg 756w, https:\/\/www.vodotopoholesov.cz\/wp-content\/uploads\/2023\/04\/IMG-8546-300x142.jpg 300w\" sizes=\"(max-width: 756px) 100vw, 756px\" \/><\/a><\/figure>\n\n\n\n<figure class=\"wp-block-image size-large\"><a href=\"https:\/\/www.vodotopoholesov.cz\/wp-content\/uploads\/2023\/04\/cropped-solary.jpg\"><img loading=\"lazy\" decoding=\"async\" width=\"1024\" height=\"580\" data-id=\"282\" src=\"https:\/\/www.vodotopoholesov.cz\/wp-content\/uploads\/2023\/04\/cropped-solary-1024x580.jpg\" alt=\"\" class=\"wp-image-282\" srcset=\"https:\/\/www.vodotopoholesov.cz\/wp-content\/uploads\/2023\/04\/cropped-solary-1024x580.jpg 1024w, https:\/\/www.vodotopoholesov.cz\/wp-content\/uploads\/2023\/04\/cropped-solary-300x170.jpg 300w, https:\/\/www.vodotopoholesov.cz\/wp-content\/uploads\/2023\/04\/cropped-solary-768x435.jpg 768w, https:\/\/www.vodotopoholesov.cz\/wp-content\/uploads\/2023\/04\/cropped-solary-1536x870.jpg 1536w, https:\/\/www.vodotopoholesov.cz\/wp-content\/uploads\/2023\/04\/cropped-solary-1140x646.jpg 1140w, https:\/\/www.vodotopoholesov.cz\/wp-content\/uploads\/2023\/04\/cropped-solary.jpg 2039w\" sizes=\"(max-width: 1024px) 100vw, 1024px\" \/><\/a><\/figure>\n\n\n\n<figure class=\"wp-block-image size-full\"><a href=\"https:\/\/www.vodotopoholesov.cz\/wp-content\/uploads\/2023\/04\/IMG-8540.jpg\"><img loading=\"lazy\" decoding=\"async\" width=\"358\" height=\"756\" data-id=\"267\" src=\"https:\/\/www.vodotopoholesov.cz\/wp-content\/uploads\/2023\/04\/IMG-8540.jpg\" alt=\"\" class=\"wp-image-267\" srcset=\"https:\/\/www.vodotopoholesov.cz\/wp-content\/uploads\/2023\/04\/IMG-8540.jpg 358w, https:\/\/www.vodotopoholesov.cz\/wp-content\/uploads\/2023\/04\/IMG-8540-142x300.jpg 142w\" sizes=\"(max-width: 358px) 100vw, 358px\" \/><\/a><\/figure>\n\n\n\n<figure class=\"wp-block-image size-full\"><a href=\"https:\/\/www.vodotopoholesov.cz\/wp-content\/uploads\/2023\/04\/IMG-8541.jpg\"><img loading=\"lazy\" decoding=\"async\" width=\"358\" height=\"756\" data-id=\"269\" src=\"https:\/\/www.vodotopoholesov.cz\/wp-content\/uploads\/2023\/04\/IMG-8541.jpg\" alt=\"\" class=\"wp-image-269\" srcset=\"https:\/\/www.vodotopoholesov.cz\/wp-content\/uploads\/2023\/04\/IMG-8541.jpg 358w, https:\/\/www.vodotopoholesov.cz\/wp-content\/uploads\/2023\/04\/IMG-8541-142x300.jpg 142w\" sizes=\"(max-width: 358px) 100vw, 358px\" \/><\/a><\/figure>\n\n\n\n<figure class=\"wp-block-image size-full\"><a href=\"https:\/\/www.vodotopoholesov.cz\/wp-content\/uploads\/2023\/04\/IMG-8542.jpg\"><img loading=\"lazy\" decoding=\"async\" width=\"358\" height=\"756\" data-id=\"270\" src=\"https:\/\/www.vodotopoholesov.cz\/wp-content\/uploads\/2023\/04\/IMG-8542.jpg\" alt=\"\" class=\"wp-image-270\" srcset=\"https:\/\/www.vodotopoholesov.cz\/wp-content\/uploads\/2023\/04\/IMG-8542.jpg 358w, https:\/\/www.vodotopoholesov.cz\/wp-content\/uploads\/2023\/04\/IMG-8542-142x300.jpg 142w\" sizes=\"(max-width: 358px) 100vw, 358px\" \/><\/a><\/figure>\n\n\n\n<figure class=\"wp-block-image size-full\"><a href=\"https:\/\/www.vodotopoholesov.cz\/wp-content\/uploads\/2023\/04\/IMG-8539.jpg\"><img loading=\"lazy\" decoding=\"async\" width=\"756\" height=\"358\" data-id=\"268\" src=\"https:\/\/www.vodotopoholesov.cz\/wp-content\/uploads\/2023\/04\/IMG-8539.jpg\" alt=\"\" class=\"wp-image-268\" srcset=\"https:\/\/www.vodotopoholesov.cz\/wp-content\/uploads\/2023\/04\/IMG-8539.jpg 756w, https:\/\/www.vodotopoholesov.cz\/wp-content\/uploads\/2023\/04\/IMG-8539-300x142.jpg 300w\" sizes=\"(max-width: 756px) 100vw, 756px\" \/><\/a><\/figure>\n\n\n\n<figure class=\"wp-block-image size-full\"><a href=\"https:\/\/www.vodotopoholesov.cz\/wp-content\/uploads\/2023\/04\/IMG-8543.jpg\"><img loading=\"lazy\" decoding=\"async\" width=\"756\" height=\"358\" data-id=\"271\" src=\"https:\/\/www.vodotopoholesov.cz\/wp-content\/uploads\/2023\/04\/IMG-8543.jpg\" alt=\"\" class=\"wp-image-271\" srcset=\"https:\/\/www.vodotopoholesov.cz\/wp-content\/uploads\/2023\/04\/IMG-8543.jpg 756w, https:\/\/www.vodotopoholesov.cz\/wp-content\/uploads\/2023\/04\/IMG-8543-300x142.jpg 300w\" sizes=\"(max-width: 756px) 100vw, 756px\" \/><\/a><\/figure>\n\n\n\n<figure class=\"wp-block-image size-full\"><a href=\"https:\/\/www.vodotopoholesov.cz\/wp-content\/uploads\/2023\/04\/IMG-8544.jpg\"><img loading=\"lazy\" decoding=\"async\" width=\"756\" height=\"358\" data-id=\"272\" src=\"https:\/\/www.vodotopoholesov.cz\/wp-content\/uploads\/2023\/04\/IMG-8544.jpg\" alt=\"\" class=\"wp-image-272\" srcset=\"https:\/\/www.vodotopoholesov.cz\/wp-content\/uploads\/2023\/04\/IMG-8544.jpg 756w, https:\/\/www.vodotopoholesov.cz\/wp-content\/uploads\/2023\/04\/IMG-8544-300x142.jpg 300w\" sizes=\"(max-width: 756px) 100vw, 756px\" \/><\/a><\/figure>\n\n\n\n<figure class=\"wp-block-image size-large\"><a href=\"https:\/\/www.vodotopoholesov.cz\/wp-content\/uploads\/2023\/04\/IMG-8398.jpg\"><img loading=\"lazy\" decoding=\"async\" width=\"485\" height=\"1024\" data-id=\"253\" src=\"https:\/\/www.vodotopoholesov.cz\/wp-content\/uploads\/2023\/04\/IMG-8398-485x1024.jpg\" alt=\"\" class=\"wp-image-253\" srcset=\"https:\/\/www.vodotopoholesov.cz\/wp-content\/uploads\/2023\/04\/IMG-8398-485x1024.jpg 485w, https:\/\/www.vodotopoholesov.cz\/wp-content\/uploads\/2023\/04\/IMG-8398-142x300.jpg 142w, https:\/\/www.vodotopoholesov.cz\/wp-content\/uploads\/2023\/04\/IMG-8398.jpg 597w\" sizes=\"(max-width: 485px) 100vw, 485px\" \/><\/a><\/figure>\n\n\n\n<figure class=\"wp-block-image size-large\"><a href=\"https:\/\/www.vodotopoholesov.cz\/wp-content\/uploads\/2023\/04\/IMG-8399.jpg\"><img loading=\"lazy\" decoding=\"async\" width=\"485\" height=\"1024\" data-id=\"254\" src=\"https:\/\/www.vodotopoholesov.cz\/wp-content\/uploads\/2023\/04\/IMG-8399-485x1024.jpg\" alt=\"\" class=\"wp-image-254\" srcset=\"https:\/\/www.vodotopoholesov.cz\/wp-content\/uploads\/2023\/04\/IMG-8399-485x1024.jpg 485w, https:\/\/www.vodotopoholesov.cz\/wp-content\/uploads\/2023\/04\/IMG-8399-142x300.jpg 142w, https:\/\/www.vodotopoholesov.cz\/wp-content\/uploads\/2023\/04\/IMG-8399.jpg 597w\" sizes=\"(max-width: 485px) 100vw, 485px\" \/><\/a><\/figure>\n\n\n\n<figure class=\"wp-block-image size-large\"><a href=\"https:\/\/www.vodotopoholesov.cz\/wp-content\/uploads\/2023\/04\/IMG-8400.jpg\"><img loading=\"lazy\" decoding=\"async\" width=\"485\" height=\"1024\" data-id=\"258\" src=\"https:\/\/www.vodotopoholesov.cz\/wp-content\/uploads\/2023\/04\/IMG-8400-485x1024.jpg\" alt=\"\" class=\"wp-image-258\" srcset=\"https:\/\/www.vodotopoholesov.cz\/wp-content\/uploads\/2023\/04\/IMG-8400-485x1024.jpg 485w, https:\/\/www.vodotopoholesov.cz\/wp-content\/uploads\/2023\/04\/IMG-8400-142x300.jpg 142w, https:\/\/www.vodotopoholesov.cz\/wp-content\/uploads\/2023\/04\/IMG-8400.jpg 597w\" sizes=\"(max-width: 485px) 100vw, 485px\" \/><\/a><\/figure>\n<\/figure>\n","protected":false},"excerpt":{"rendered":"<p>Sol\u00e1rn\u00ed panely montujeme od A do Z. Nen\u00ed pro n\u00e1s probl\u00e9m dostat a uchytit panely na \u017e\u00e1dnou st\u0159echu. Mont\u00e1\u017e, regulace a samotn\u00e9 spu\u0161t\u011bn\u00ed je samoz\u0159ejmost\u00ed. Je kr\u00e1sn\u00e9 jezdit tady po okol\u00ed a vid\u011bt st\u0159echy z\u00e1kazn\u00edk\u016f, jak jsou os\u00e1zeny na\u0161emi sol\u00e1rn\u00edmi panely a ob\u010das zastavit a zeptat se, jak jsou spokojen\u00ed. My preferujeme jedno heslo &#8222;Nejlep\u0161\u00ed reklama je spokojen\u00fd z\u00e1kazn\u00edk&#8222;.<\/p>\n","protected":false},"author":1,"featured_media":0,"parent":0,"menu_order":0,"comment_status":"closed","ping_status":"closed","template":"","meta":{"footnotes":""},"class_list":["post-221","page","type-page","status-publish","hentry"],"acf":[],"_links":{"self":[{"href":"https:\/\/www.vodotopoholesov.cz\/index.php?rest_route=\/wp\/v2\/pages\/221","targetHints":{"allow":["GET"]}}],"collection":[{"href":"https:\/\/www.vodotopoholesov.cz\/index.php?rest_route=\/wp\/v2\/pages"}],"about":[{"href":"https:\/\/www.vodotopoholesov.cz\/index.php?rest_route=\/wp\/v2\/types\/page"}],"author":[{"embeddable":true,"href":"https:\/\/www.vodotopoholesov.cz\/index.php?rest_route=\/wp\/v2\/users\/1"}],"replies":[{"embeddable":true,"href":"https:\/\/www.vodotopoholesov.cz\/index.php?rest_route=%2Fwp%2Fv2%2Fcomments&post=221"}],"version-history":[{"count":7,"href":"https:\/\/www.vodotopoholesov.cz\/index.php?rest_route=\/wp\/v2\/pages\/221\/revisions"}],"predecessor-version":[{"id":287,"href":"https:\/\/www.vodotopoholesov.cz\/index.php?rest_route=\/wp\/v2\/pages\/221\/revisions\/287"}],"wp:attachment":[{"href":"https:\/\/www.vodotopoholesov.cz\/index.php?rest_route=%2Fwp%2Fv2%2Fmedia&parent=221"}],"curies":[{"name":"wp","href":"https:\/\/api.w.org\/{rel}","templated":true}]}}