{"id":117,"date":"2023-03-27T18:28:40","date_gmt":"2023-03-27T18:28:40","guid":{"rendered":"https:\/\/www.vodotopoholesov.cz\/?page_id=117"},"modified":"2023-04-07T07:34:49","modified_gmt":"2023-04-07T07:34:49","slug":"tepelne-cerpadlo","status":"publish","type":"page","link":"https:\/\/www.vodotopoholesov.cz\/?page_id=117","title":{"rendered":"Tepeln\u00e1 \u010derpadla"},"content":{"rendered":"\n<p style=\"font-size:18px\">Doba je ne\u00faprosn\u00e1 a \u017e\u00e1d\u00e1 si po\u0159\u00e1d nov\u00e9 v\u011bci a nov\u00e9 technologie a i my se touto cestou d\u00e1v\u00e1me. <strong>Do modern\u00edch nov\u00fdch pasivn\u00edch dom\u016f doporu\u010dujeme tepeln\u00e1 \u010derpadla<\/strong>, kter\u00fdch jsme u\u017e namontovali nespo\u010det. Na\u0161e z\u00e1kazn\u00edky respektujeme a dan\u00e9 tepeln\u00e9 \u010derpadlo vol\u00edme dle v\u0161ech aspekt\u016f.<\/p>\n\n\n\n<figure class=\"wp-block-gallery has-nested-images columns-4 is-cropped wp-block-gallery-1 is-layout-flex wp-block-gallery-is-layout-flex\">\n<figure class=\"wp-block-image size-large\"><a href=\"https:\/\/www.vodotopoholesov.cz\/wp-content\/uploads\/2023\/04\/IMG_20210210_101020-scaled.jpg\"><img fetchpriority=\"high\" decoding=\"async\" width=\"1024\" height=\"768\" data-id=\"217\" src=\"https:\/\/www.vodotopoholesov.cz\/wp-content\/uploads\/2023\/04\/IMG_20210210_101020-1024x768.jpg\" alt=\"\" class=\"wp-image-217\" srcset=\"https:\/\/www.vodotopoholesov.cz\/wp-content\/uploads\/2023\/04\/IMG_20210210_101020-1024x768.jpg 1024w, https:\/\/www.vodotopoholesov.cz\/wp-content\/uploads\/2023\/04\/IMG_20210210_101020-300x225.jpg 300w, https:\/\/www.vodotopoholesov.cz\/wp-content\/uploads\/2023\/04\/IMG_20210210_101020-768x576.jpg 768w, https:\/\/www.vodotopoholesov.cz\/wp-content\/uploads\/2023\/04\/IMG_20210210_101020-1536x1152.jpg 1536w, https:\/\/www.vodotopoholesov.cz\/wp-content\/uploads\/2023\/04\/IMG_20210210_101020-2048x1536.jpg 2048w, https:\/\/www.vodotopoholesov.cz\/wp-content\/uploads\/2023\/04\/IMG_20210210_101020-1140x855.jpg 1140w\" sizes=\"(max-width: 1024px) 100vw, 1024px\" \/><\/a><\/figure>\n\n\n\n<figure class=\"wp-block-image size-large\"><a href=\"https:\/\/www.vodotopoholesov.cz\/wp-content\/uploads\/2023\/04\/IMG_20211123_160659-scaled.jpg\"><img decoding=\"async\" width=\"768\" height=\"1024\" data-id=\"214\" src=\"https:\/\/www.vodotopoholesov.cz\/wp-content\/uploads\/2023\/04\/IMG_20211123_160659-768x1024.jpg\" alt=\"\" class=\"wp-image-214\" srcset=\"https:\/\/www.vodotopoholesov.cz\/wp-content\/uploads\/2023\/04\/IMG_20211123_160659-768x1024.jpg 768w, https:\/\/www.vodotopoholesov.cz\/wp-content\/uploads\/2023\/04\/IMG_20211123_160659-225x300.jpg 225w, https:\/\/www.vodotopoholesov.cz\/wp-content\/uploads\/2023\/04\/IMG_20211123_160659-1152x1536.jpg 1152w, https:\/\/www.vodotopoholesov.cz\/wp-content\/uploads\/2023\/04\/IMG_20211123_160659-1536x2048.jpg 1536w, https:\/\/www.vodotopoholesov.cz\/wp-content\/uploads\/2023\/04\/IMG_20211123_160659-1140x1520.jpg 1140w, https:\/\/www.vodotopoholesov.cz\/wp-content\/uploads\/2023\/04\/IMG_20211123_160659-scaled.jpg 1920w\" sizes=\"(max-width: 768px) 100vw, 768px\" \/><\/a><\/figure>\n\n\n\n<figure class=\"wp-block-image size-large\"><a href=\"https:\/\/www.vodotopoholesov.cz\/wp-content\/uploads\/2023\/04\/IMG_20211123_160707-scaled.jpg\"><img decoding=\"async\" width=\"1024\" height=\"768\" data-id=\"212\" src=\"https:\/\/www.vodotopoholesov.cz\/wp-content\/uploads\/2023\/04\/IMG_20211123_160707-1024x768.jpg\" alt=\"\" class=\"wp-image-212\" srcset=\"https:\/\/www.vodotopoholesov.cz\/wp-content\/uploads\/2023\/04\/IMG_20211123_160707-1024x768.jpg 1024w, https:\/\/www.vodotopoholesov.cz\/wp-content\/uploads\/2023\/04\/IMG_20211123_160707-300x225.jpg 300w, https:\/\/www.vodotopoholesov.cz\/wp-content\/uploads\/2023\/04\/IMG_20211123_160707-768x576.jpg 768w, https:\/\/www.vodotopoholesov.cz\/wp-content\/uploads\/2023\/04\/IMG_20211123_160707-1536x1152.jpg 1536w, https:\/\/www.vodotopoholesov.cz\/wp-content\/uploads\/2023\/04\/IMG_20211123_160707-2048x1536.jpg 2048w, https:\/\/www.vodotopoholesov.cz\/wp-content\/uploads\/2023\/04\/IMG_20211123_160707-1140x855.jpg 1140w\" sizes=\"(max-width: 1024px) 100vw, 1024px\" \/><\/a><\/figure>\n\n\n\n<figure class=\"wp-block-image size-full\"><a href=\"https:\/\/www.vodotopoholesov.cz\/wp-content\/uploads\/2023\/04\/IMG-8531.jpg\"><img loading=\"lazy\" decoding=\"async\" width=\"960\" height=\"540\" data-id=\"305\" src=\"https:\/\/www.vodotopoholesov.cz\/wp-content\/uploads\/2023\/04\/IMG-8531.jpg\" alt=\"\" class=\"wp-image-305\" srcset=\"https:\/\/www.vodotopoholesov.cz\/wp-content\/uploads\/2023\/04\/IMG-8531.jpg 960w, https:\/\/www.vodotopoholesov.cz\/wp-content\/uploads\/2023\/04\/IMG-8531-300x169.jpg 300w, https:\/\/www.vodotopoholesov.cz\/wp-content\/uploads\/2023\/04\/IMG-8531-768x432.jpg 768w\" sizes=\"(max-width: 960px) 100vw, 960px\" \/><\/a><\/figure>\n\n\n\n<figure class=\"wp-block-image size-full\"><a href=\"https:\/\/www.vodotopoholesov.cz\/wp-content\/uploads\/2023\/04\/IMG-8532.jpg\"><img loading=\"lazy\" decoding=\"async\" width=\"528\" height=\"960\" data-id=\"304\" src=\"https:\/\/www.vodotopoholesov.cz\/wp-content\/uploads\/2023\/04\/IMG-8532.jpg\" alt=\"\" class=\"wp-image-304\" srcset=\"https:\/\/www.vodotopoholesov.cz\/wp-content\/uploads\/2023\/04\/IMG-8532.jpg 528w, https:\/\/www.vodotopoholesov.cz\/wp-content\/uploads\/2023\/04\/IMG-8532-165x300.jpg 165w\" sizes=\"(max-width: 528px) 100vw, 528px\" \/><\/a><\/figure>\n\n\n\n<figure class=\"wp-block-image size-large\"><a href=\"https:\/\/www.vodotopoholesov.cz\/wp-content\/uploads\/2023\/04\/IMG_20211118_112259-scaled.jpg\"><img loading=\"lazy\" decoding=\"async\" width=\"768\" height=\"1024\" data-id=\"213\" src=\"https:\/\/www.vodotopoholesov.cz\/wp-content\/uploads\/2023\/04\/IMG_20211118_112259-768x1024.jpg\" alt=\"\" class=\"wp-image-213\" srcset=\"https:\/\/www.vodotopoholesov.cz\/wp-content\/uploads\/2023\/04\/IMG_20211118_112259-768x1024.jpg 768w, https:\/\/www.vodotopoholesov.cz\/wp-content\/uploads\/2023\/04\/IMG_20211118_112259-225x300.jpg 225w, https:\/\/www.vodotopoholesov.cz\/wp-content\/uploads\/2023\/04\/IMG_20211118_112259-1152x1536.jpg 1152w, https:\/\/www.vodotopoholesov.cz\/wp-content\/uploads\/2023\/04\/IMG_20211118_112259-1536x2048.jpg 1536w, https:\/\/www.vodotopoholesov.cz\/wp-content\/uploads\/2023\/04\/IMG_20211118_112259-1140x1520.jpg 1140w, https:\/\/www.vodotopoholesov.cz\/wp-content\/uploads\/2023\/04\/IMG_20211118_112259-scaled.jpg 1920w\" sizes=\"(max-width: 768px) 100vw, 768px\" \/><\/a><\/figure>\n\n\n\n<figure class=\"wp-block-image size-large\"><a href=\"https:\/\/www.vodotopoholesov.cz\/wp-content\/uploads\/2023\/04\/IMG_20210719_171725-scaled.jpg\"><img loading=\"lazy\" decoding=\"async\" width=\"768\" height=\"1024\" data-id=\"216\" src=\"https:\/\/www.vodotopoholesov.cz\/wp-content\/uploads\/2023\/04\/IMG_20210719_171725-768x1024.jpg\" alt=\"\" class=\"wp-image-216\" srcset=\"https:\/\/www.vodotopoholesov.cz\/wp-content\/uploads\/2023\/04\/IMG_20210719_171725-768x1024.jpg 768w, https:\/\/www.vodotopoholesov.cz\/wp-content\/uploads\/2023\/04\/IMG_20210719_171725-225x300.jpg 225w, https:\/\/www.vodotopoholesov.cz\/wp-content\/uploads\/2023\/04\/IMG_20210719_171725-1152x1536.jpg 1152w, https:\/\/www.vodotopoholesov.cz\/wp-content\/uploads\/2023\/04\/IMG_20210719_171725-1536x2048.jpg 1536w, https:\/\/www.vodotopoholesov.cz\/wp-content\/uploads\/2023\/04\/IMG_20210719_171725-1140x1520.jpg 1140w, https:\/\/www.vodotopoholesov.cz\/wp-content\/uploads\/2023\/04\/IMG_20210719_171725-scaled.jpg 1920w\" sizes=\"(max-width: 768px) 100vw, 768px\" \/><\/a><\/figure>\n\n\n\n<figure class=\"wp-block-image size-large\"><a href=\"https:\/\/www.vodotopoholesov.cz\/wp-content\/uploads\/2023\/04\/IMG_20211118_112304-scaled.jpg\"><img loading=\"lazy\" decoding=\"async\" width=\"1024\" height=\"768\" data-id=\"215\" src=\"https:\/\/www.vodotopoholesov.cz\/wp-content\/uploads\/2023\/04\/IMG_20211118_112304-1024x768.jpg\" alt=\"\" class=\"wp-image-215\" srcset=\"https:\/\/www.vodotopoholesov.cz\/wp-content\/uploads\/2023\/04\/IMG_20211118_112304-1024x768.jpg 1024w, https:\/\/www.vodotopoholesov.cz\/wp-content\/uploads\/2023\/04\/IMG_20211118_112304-300x225.jpg 300w, https:\/\/www.vodotopoholesov.cz\/wp-content\/uploads\/2023\/04\/IMG_20211118_112304-768x576.jpg 768w, https:\/\/www.vodotopoholesov.cz\/wp-content\/uploads\/2023\/04\/IMG_20211118_112304-1536x1152.jpg 1536w, https:\/\/www.vodotopoholesov.cz\/wp-content\/uploads\/2023\/04\/IMG_20211118_112304-2048x1536.jpg 2048w, https:\/\/www.vodotopoholesov.cz\/wp-content\/uploads\/2023\/04\/IMG_20211118_112304-1140x855.jpg 1140w\" sizes=\"(max-width: 1024px) 100vw, 1024px\" \/><\/a><\/figure>\n\n\n\n<figure class=\"wp-block-image size-large\"><a href=\"https:\/\/www.vodotopoholesov.cz\/wp-content\/uploads\/2023\/04\/IMG_20211124_140534-scaled.jpg\"><img loading=\"lazy\" decoding=\"async\" width=\"1024\" height=\"768\" data-id=\"210\" src=\"https:\/\/www.vodotopoholesov.cz\/wp-content\/uploads\/2023\/04\/IMG_20211124_140534-1024x768.jpg\" alt=\"\" class=\"wp-image-210\" srcset=\"https:\/\/www.vodotopoholesov.cz\/wp-content\/uploads\/2023\/04\/IMG_20211124_140534-1024x768.jpg 1024w, https:\/\/www.vodotopoholesov.cz\/wp-content\/uploads\/2023\/04\/IMG_20211124_140534-300x225.jpg 300w, https:\/\/www.vodotopoholesov.cz\/wp-content\/uploads\/2023\/04\/IMG_20211124_140534-768x576.jpg 768w, https:\/\/www.vodotopoholesov.cz\/wp-content\/uploads\/2023\/04\/IMG_20211124_140534-1536x1152.jpg 1536w, https:\/\/www.vodotopoholesov.cz\/wp-content\/uploads\/2023\/04\/IMG_20211124_140534-2048x1536.jpg 2048w, https:\/\/www.vodotopoholesov.cz\/wp-content\/uploads\/2023\/04\/IMG_20211124_140534-1140x855.jpg 1140w\" sizes=\"(max-width: 1024px) 100vw, 1024px\" \/><\/a><\/figure>\n\n\n\n<figure class=\"wp-block-image size-large\"><a href=\"https:\/\/www.vodotopoholesov.cz\/wp-content\/uploads\/2023\/04\/IMG_20211124_140540-scaled.jpg\"><img loading=\"lazy\" decoding=\"async\" width=\"768\" height=\"1024\" data-id=\"208\" src=\"https:\/\/www.vodotopoholesov.cz\/wp-content\/uploads\/2023\/04\/IMG_20211124_140540-768x1024.jpg\" alt=\"\" class=\"wp-image-208\" srcset=\"https:\/\/www.vodotopoholesov.cz\/wp-content\/uploads\/2023\/04\/IMG_20211124_140540-768x1024.jpg 768w, https:\/\/www.vodotopoholesov.cz\/wp-content\/uploads\/2023\/04\/IMG_20211124_140540-225x300.jpg 225w, https:\/\/www.vodotopoholesov.cz\/wp-content\/uploads\/2023\/04\/IMG_20211124_140540-1152x1536.jpg 1152w, https:\/\/www.vodotopoholesov.cz\/wp-content\/uploads\/2023\/04\/IMG_20211124_140540-1536x2048.jpg 1536w, https:\/\/www.vodotopoholesov.cz\/wp-content\/uploads\/2023\/04\/IMG_20211124_140540-1140x1520.jpg 1140w, https:\/\/www.vodotopoholesov.cz\/wp-content\/uploads\/2023\/04\/IMG_20211124_140540-scaled.jpg 1920w\" sizes=\"(max-width: 768px) 100vw, 768px\" \/><\/a><\/figure>\n\n\n\n<figure class=\"wp-block-image size-large\"><a href=\"https:\/\/www.vodotopoholesov.cz\/wp-content\/uploads\/2023\/04\/IMG_20211124_140553-scaled.jpg\"><img loading=\"lazy\" decoding=\"async\" width=\"1024\" height=\"768\" data-id=\"211\" src=\"https:\/\/www.vodotopoholesov.cz\/wp-content\/uploads\/2023\/04\/IMG_20211124_140553-1024x768.jpg\" alt=\"\" class=\"wp-image-211\" srcset=\"https:\/\/www.vodotopoholesov.cz\/wp-content\/uploads\/2023\/04\/IMG_20211124_140553-1024x768.jpg 1024w, https:\/\/www.vodotopoholesov.cz\/wp-content\/uploads\/2023\/04\/IMG_20211124_140553-300x225.jpg 300w, https:\/\/www.vodotopoholesov.cz\/wp-content\/uploads\/2023\/04\/IMG_20211124_140553-768x576.jpg 768w, https:\/\/www.vodotopoholesov.cz\/wp-content\/uploads\/2023\/04\/IMG_20211124_140553-1536x1152.jpg 1536w, https:\/\/www.vodotopoholesov.cz\/wp-content\/uploads\/2023\/04\/IMG_20211124_140553-2048x1536.jpg 2048w, https:\/\/www.vodotopoholesov.cz\/wp-content\/uploads\/2023\/04\/IMG_20211124_140553-1140x855.jpg 1140w\" sizes=\"(max-width: 1024px) 100vw, 1024px\" \/><\/a><\/figure>\n\n\n\n<figure class=\"wp-block-image size-large\"><a href=\"https:\/\/www.vodotopoholesov.cz\/wp-content\/uploads\/2023\/04\/IMG_20211126_164953-scaled.jpg\"><img loading=\"lazy\" decoding=\"async\" width=\"768\" height=\"1024\" data-id=\"203\" src=\"https:\/\/www.vodotopoholesov.cz\/wp-content\/uploads\/2023\/04\/IMG_20211126_164953-768x1024.jpg\" alt=\"\" class=\"wp-image-203\" srcset=\"https:\/\/www.vodotopoholesov.cz\/wp-content\/uploads\/2023\/04\/IMG_20211126_164953-768x1024.jpg 768w, https:\/\/www.vodotopoholesov.cz\/wp-content\/uploads\/2023\/04\/IMG_20211126_164953-225x300.jpg 225w, https:\/\/www.vodotopoholesov.cz\/wp-content\/uploads\/2023\/04\/IMG_20211126_164953-1152x1536.jpg 1152w, https:\/\/www.vodotopoholesov.cz\/wp-content\/uploads\/2023\/04\/IMG_20211126_164953-1536x2048.jpg 1536w, https:\/\/www.vodotopoholesov.cz\/wp-content\/uploads\/2023\/04\/IMG_20211126_164953-1140x1520.jpg 1140w, https:\/\/www.vodotopoholesov.cz\/wp-content\/uploads\/2023\/04\/IMG_20211126_164953-scaled.jpg 1920w\" sizes=\"(max-width: 768px) 100vw, 768px\" \/><\/a><\/figure>\n\n\n\n<figure class=\"wp-block-image size-large\"><a href=\"https:\/\/www.vodotopoholesov.cz\/wp-content\/uploads\/2023\/04\/IMG_20211126_165001-scaled.jpg\"><img loading=\"lazy\" decoding=\"async\" width=\"768\" height=\"1024\" data-id=\"204\" src=\"https:\/\/www.vodotopoholesov.cz\/wp-content\/uploads\/2023\/04\/IMG_20211126_165001-768x1024.jpg\" alt=\"\" class=\"wp-image-204\" srcset=\"https:\/\/www.vodotopoholesov.cz\/wp-content\/uploads\/2023\/04\/IMG_20211126_165001-768x1024.jpg 768w, https:\/\/www.vodotopoholesov.cz\/wp-content\/uploads\/2023\/04\/IMG_20211126_165001-225x300.jpg 225w, https:\/\/www.vodotopoholesov.cz\/wp-content\/uploads\/2023\/04\/IMG_20211126_165001-1152x1536.jpg 1152w, https:\/\/www.vodotopoholesov.cz\/wp-content\/uploads\/2023\/04\/IMG_20211126_165001-1536x2048.jpg 1536w, https:\/\/www.vodotopoholesov.cz\/wp-content\/uploads\/2023\/04\/IMG_20211126_165001-1140x1520.jpg 1140w, https:\/\/www.vodotopoholesov.cz\/wp-content\/uploads\/2023\/04\/IMG_20211126_165001-scaled.jpg 1920w\" sizes=\"(max-width: 768px) 100vw, 768px\" \/><\/a><\/figure>\n\n\n\n<figure class=\"wp-block-image size-large\"><a href=\"https:\/\/www.vodotopoholesov.cz\/wp-content\/uploads\/2023\/04\/IMG_20211126_165006-scaled.jpg\"><img loading=\"lazy\" decoding=\"async\" width=\"768\" height=\"1024\" data-id=\"207\" src=\"https:\/\/www.vodotopoholesov.cz\/wp-content\/uploads\/2023\/04\/IMG_20211126_165006-768x1024.jpg\" alt=\"\" class=\"wp-image-207\" srcset=\"https:\/\/www.vodotopoholesov.cz\/wp-content\/uploads\/2023\/04\/IMG_20211126_165006-768x1024.jpg 768w, https:\/\/www.vodotopoholesov.cz\/wp-content\/uploads\/2023\/04\/IMG_20211126_165006-225x300.jpg 225w, https:\/\/www.vodotopoholesov.cz\/wp-content\/uploads\/2023\/04\/IMG_20211126_165006-1152x1536.jpg 1152w, https:\/\/www.vodotopoholesov.cz\/wp-content\/uploads\/2023\/04\/IMG_20211126_165006-1536x2048.jpg 1536w, https:\/\/www.vodotopoholesov.cz\/wp-content\/uploads\/2023\/04\/IMG_20211126_165006-1140x1520.jpg 1140w, https:\/\/www.vodotopoholesov.cz\/wp-content\/uploads\/2023\/04\/IMG_20211126_165006-scaled.jpg 1920w\" sizes=\"(max-width: 768px) 100vw, 768px\" \/><\/a><\/figure>\n\n\n\n<figure class=\"wp-block-image size-large\"><a href=\"https:\/\/www.vodotopoholesov.cz\/wp-content\/uploads\/2023\/04\/IMG_20220503_150429-scaled.jpg\"><img loading=\"lazy\" decoding=\"async\" width=\"768\" height=\"1024\" data-id=\"205\" src=\"https:\/\/www.vodotopoholesov.cz\/wp-content\/uploads\/2023\/04\/IMG_20220503_150429-768x1024.jpg\" alt=\"\" class=\"wp-image-205\" srcset=\"https:\/\/www.vodotopoholesov.cz\/wp-content\/uploads\/2023\/04\/IMG_20220503_150429-768x1024.jpg 768w, https:\/\/www.vodotopoholesov.cz\/wp-content\/uploads\/2023\/04\/IMG_20220503_150429-225x300.jpg 225w, https:\/\/www.vodotopoholesov.cz\/wp-content\/uploads\/2023\/04\/IMG_20220503_150429-1152x1536.jpg 1152w, https:\/\/www.vodotopoholesov.cz\/wp-content\/uploads\/2023\/04\/IMG_20220503_150429-1536x2048.jpg 1536w, https:\/\/www.vodotopoholesov.cz\/wp-content\/uploads\/2023\/04\/IMG_20220503_150429-1140x1520.jpg 1140w, https:\/\/www.vodotopoholesov.cz\/wp-content\/uploads\/2023\/04\/IMG_20220503_150429-scaled.jpg 1920w\" sizes=\"(max-width: 768px) 100vw, 768px\" \/><\/a><\/figure>\n\n\n\n<figure class=\"wp-block-image size-large\"><a href=\"https:\/\/www.vodotopoholesov.cz\/wp-content\/uploads\/2023\/04\/IMG_20220503_150433-scaled.jpg\"><img loading=\"lazy\" decoding=\"async\" width=\"768\" height=\"1024\" data-id=\"209\" src=\"https:\/\/www.vodotopoholesov.cz\/wp-content\/uploads\/2023\/04\/IMG_20220503_150433-768x1024.jpg\" alt=\"\" class=\"wp-image-209\" srcset=\"https:\/\/www.vodotopoholesov.cz\/wp-content\/uploads\/2023\/04\/IMG_20220503_150433-768x1024.jpg 768w, https:\/\/www.vodotopoholesov.cz\/wp-content\/uploads\/2023\/04\/IMG_20220503_150433-225x300.jpg 225w, https:\/\/www.vodotopoholesov.cz\/wp-content\/uploads\/2023\/04\/IMG_20220503_150433-1152x1536.jpg 1152w, https:\/\/www.vodotopoholesov.cz\/wp-content\/uploads\/2023\/04\/IMG_20220503_150433-1536x2048.jpg 1536w, https:\/\/www.vodotopoholesov.cz\/wp-content\/uploads\/2023\/04\/IMG_20220503_150433-1140x1520.jpg 1140w, https:\/\/www.vodotopoholesov.cz\/wp-content\/uploads\/2023\/04\/IMG_20220503_150433-scaled.jpg 1920w\" sizes=\"(max-width: 768px) 100vw, 768px\" \/><\/a><\/figure>\n<\/figure>\n","protected":false},"excerpt":{"rendered":"<p>Doba je ne\u00faprosn\u00e1 a \u017e\u00e1d\u00e1 si po\u0159\u00e1d nov\u00e9 v\u011bci a nov\u00e9 technologie a i my se touto cestou d\u00e1v\u00e1me. Do modern\u00edch nov\u00fdch pasivn\u00edch dom\u016f doporu\u010dujeme tepeln\u00e1 \u010derpadla, kter\u00fdch jsme u\u017e namontovali nespo\u010det. Na\u0161e z\u00e1kazn\u00edky respektujeme a dan\u00e9 tepeln\u00e9 \u010derpadlo vol\u00edme dle v\u0161ech aspekt\u016f.<\/p>\n","protected":false},"author":1,"featured_media":0,"parent":0,"menu_order":0,"comment_status":"closed","ping_status":"closed","template":"","meta":{"footnotes":""},"class_list":["post-117","page","type-page","status-publish","hentry"],"acf":[],"_links":{"self":[{"href":"https:\/\/www.vodotopoholesov.cz\/index.php?rest_route=\/wp\/v2\/pages\/117","targetHints":{"allow":["GET"]}}],"collection":[{"href":"https:\/\/www.vodotopoholesov.cz\/index.php?rest_route=\/wp\/v2\/pages"}],"about":[{"href":"https:\/\/www.vodotopoholesov.cz\/index.php?rest_route=\/wp\/v2\/types\/page"}],"author":[{"embeddable":true,"href":"https:\/\/www.vodotopoholesov.cz\/index.php?rest_route=\/wp\/v2\/users\/1"}],"replies":[{"embeddable":true,"href":"https:\/\/www.vodotopoholesov.cz\/index.php?rest_route=%2Fwp%2Fv2%2Fcomments&post=117"}],"version-history":[{"count":5,"href":"https:\/\/www.vodotopoholesov.cz\/index.php?rest_route=\/wp\/v2\/pages\/117\/revisions"}],"predecessor-version":[{"id":308,"href":"https:\/\/www.vodotopoholesov.cz\/index.php?rest_route=\/wp\/v2\/pages\/117\/revisions\/308"}],"wp:attachment":[{"href":"https:\/\/www.vodotopoholesov.cz\/index.php?rest_route=%2Fwp%2Fv2%2Fmedia&parent=117"}],"curies":[{"name":"wp","href":"https:\/\/api.w.org\/{rel}","templated":true}]}}