{"id":106,"date":"2023-03-27T18:20:09","date_gmt":"2023-03-27T18:20:09","guid":{"rendered":"https:\/\/www.vodotopoholesov.cz\/?page_id=106"},"modified":"2023-04-07T07:29:55","modified_gmt":"2023-04-07T07:29:55","slug":"kamna","status":"publish","type":"page","link":"https:\/\/www.vodotopoholesov.cz\/?page_id=106","title":{"rendered":"Kotle na tuh\u00e1 paliva"},"content":{"rendered":"\n<p style=\"font-size:18px\">Ji\u017e p\u0159ed 25 lety jsme za\u010dali s <strong>mont\u00e1\u017e\u00ed kotl\u016f na tuh\u00e1 paliva<\/strong>. Dnes si dovol\u00edm \u0159\u00edct, \u017ee n\u00e1s m\u00e1lo co p\u0159ekvap\u00ed. Jeliko\u017e na\u0161e firma m\u00e1 <strong>opr\u00e1vn\u011bn\u00ed na sva\u0159ov\u00e1n\u00ed autogenem, nen\u00ed pro n\u00e1s probl\u00e9m p\u0159ipojit cokoli<\/strong>.<\/p>\n\n\n\n<figure class=\"wp-block-gallery has-nested-images columns-4 is-cropped wp-block-gallery-1 is-layout-flex wp-block-gallery-is-layout-flex\">\n<figure class=\"wp-block-image size-large\"><a href=\"https:\/\/www.vodotopoholesov.cz\/wp-content\/uploads\/2023\/04\/IMG_20220525_160919_864-scaled.jpg\"><img fetchpriority=\"high\" decoding=\"async\" width=\"768\" height=\"1024\" data-id=\"181\" src=\"https:\/\/www.vodotopoholesov.cz\/wp-content\/uploads\/2023\/04\/IMG_20220525_160919_864-768x1024.jpg\" alt=\"\" class=\"wp-image-181\" srcset=\"https:\/\/www.vodotopoholesov.cz\/wp-content\/uploads\/2023\/04\/IMG_20220525_160919_864-768x1024.jpg 768w, https:\/\/www.vodotopoholesov.cz\/wp-content\/uploads\/2023\/04\/IMG_20220525_160919_864-225x300.jpg 225w, https:\/\/www.vodotopoholesov.cz\/wp-content\/uploads\/2023\/04\/IMG_20220525_160919_864-1152x1536.jpg 1152w, https:\/\/www.vodotopoholesov.cz\/wp-content\/uploads\/2023\/04\/IMG_20220525_160919_864-1536x2048.jpg 1536w, https:\/\/www.vodotopoholesov.cz\/wp-content\/uploads\/2023\/04\/IMG_20220525_160919_864-1140x1520.jpg 1140w, https:\/\/www.vodotopoholesov.cz\/wp-content\/uploads\/2023\/04\/IMG_20220525_160919_864-scaled.jpg 1920w\" sizes=\"(max-width: 768px) 100vw, 768px\" \/><\/a><\/figure>\n\n\n\n<figure class=\"wp-block-image size-large\"><a href=\"https:\/\/www.vodotopoholesov.cz\/wp-content\/uploads\/2023\/04\/IMG_20220810_154043-scaled.jpg\"><img decoding=\"async\" width=\"768\" height=\"1024\" data-id=\"182\" src=\"https:\/\/www.vodotopoholesov.cz\/wp-content\/uploads\/2023\/04\/IMG_20220810_154043-768x1024.jpg\" alt=\"\" class=\"wp-image-182\" srcset=\"https:\/\/www.vodotopoholesov.cz\/wp-content\/uploads\/2023\/04\/IMG_20220810_154043-768x1024.jpg 768w, https:\/\/www.vodotopoholesov.cz\/wp-content\/uploads\/2023\/04\/IMG_20220810_154043-225x300.jpg 225w, https:\/\/www.vodotopoholesov.cz\/wp-content\/uploads\/2023\/04\/IMG_20220810_154043-1152x1536.jpg 1152w, https:\/\/www.vodotopoholesov.cz\/wp-content\/uploads\/2023\/04\/IMG_20220810_154043-1536x2048.jpg 1536w, https:\/\/www.vodotopoholesov.cz\/wp-content\/uploads\/2023\/04\/IMG_20220810_154043-1140x1520.jpg 1140w, https:\/\/www.vodotopoholesov.cz\/wp-content\/uploads\/2023\/04\/IMG_20220810_154043-scaled.jpg 1920w\" sizes=\"(max-width: 768px) 100vw, 768px\" \/><\/a><\/figure>\n\n\n\n<figure class=\"wp-block-image size-large\"><a href=\"https:\/\/www.vodotopoholesov.cz\/wp-content\/uploads\/2023\/04\/IMG_20221008_151840-scaled.jpg\"><img decoding=\"async\" width=\"768\" height=\"1024\" data-id=\"184\" src=\"https:\/\/www.vodotopoholesov.cz\/wp-content\/uploads\/2023\/04\/IMG_20221008_151840-768x1024.jpg\" alt=\"\" class=\"wp-image-184\" srcset=\"https:\/\/www.vodotopoholesov.cz\/wp-content\/uploads\/2023\/04\/IMG_20221008_151840-768x1024.jpg 768w, https:\/\/www.vodotopoholesov.cz\/wp-content\/uploads\/2023\/04\/IMG_20221008_151840-225x300.jpg 225w, https:\/\/www.vodotopoholesov.cz\/wp-content\/uploads\/2023\/04\/IMG_20221008_151840-1152x1536.jpg 1152w, https:\/\/www.vodotopoholesov.cz\/wp-content\/uploads\/2023\/04\/IMG_20221008_151840-1536x2048.jpg 1536w, https:\/\/www.vodotopoholesov.cz\/wp-content\/uploads\/2023\/04\/IMG_20221008_151840-1140x1520.jpg 1140w, https:\/\/www.vodotopoholesov.cz\/wp-content\/uploads\/2023\/04\/IMG_20221008_151840-scaled.jpg 1920w\" sizes=\"(max-width: 768px) 100vw, 768px\" \/><\/a><\/figure>\n\n\n\n<figure class=\"wp-block-image size-large\"><a href=\"https:\/\/www.vodotopoholesov.cz\/wp-content\/uploads\/2023\/04\/IMG_20221008_151845-scaled.jpg\"><img loading=\"lazy\" decoding=\"async\" width=\"768\" height=\"1024\" data-id=\"183\" src=\"https:\/\/www.vodotopoholesov.cz\/wp-content\/uploads\/2023\/04\/IMG_20221008_151845-768x1024.jpg\" alt=\"\" class=\"wp-image-183\" srcset=\"https:\/\/www.vodotopoholesov.cz\/wp-content\/uploads\/2023\/04\/IMG_20221008_151845-768x1024.jpg 768w, https:\/\/www.vodotopoholesov.cz\/wp-content\/uploads\/2023\/04\/IMG_20221008_151845-225x300.jpg 225w, https:\/\/www.vodotopoholesov.cz\/wp-content\/uploads\/2023\/04\/IMG_20221008_151845-1152x1536.jpg 1152w, https:\/\/www.vodotopoholesov.cz\/wp-content\/uploads\/2023\/04\/IMG_20221008_151845-1536x2048.jpg 1536w, https:\/\/www.vodotopoholesov.cz\/wp-content\/uploads\/2023\/04\/IMG_20221008_151845-1140x1520.jpg 1140w, https:\/\/www.vodotopoholesov.cz\/wp-content\/uploads\/2023\/04\/IMG_20221008_151845-scaled.jpg 1920w\" sizes=\"(max-width: 768px) 100vw, 768px\" \/><\/a><\/figure>\n\n\n\n<figure class=\"wp-block-image size-large\"><a href=\"https:\/\/www.vodotopoholesov.cz\/wp-content\/uploads\/2023\/04\/IMG_20220901_064818-scaled.jpg\"><img loading=\"lazy\" decoding=\"async\" width=\"768\" height=\"1024\" data-id=\"185\" src=\"https:\/\/www.vodotopoholesov.cz\/wp-content\/uploads\/2023\/04\/IMG_20220901_064818-768x1024.jpg\" alt=\"\" class=\"wp-image-185\" srcset=\"https:\/\/www.vodotopoholesov.cz\/wp-content\/uploads\/2023\/04\/IMG_20220901_064818-768x1024.jpg 768w, https:\/\/www.vodotopoholesov.cz\/wp-content\/uploads\/2023\/04\/IMG_20220901_064818-225x300.jpg 225w, https:\/\/www.vodotopoholesov.cz\/wp-content\/uploads\/2023\/04\/IMG_20220901_064818-1152x1536.jpg 1152w, https:\/\/www.vodotopoholesov.cz\/wp-content\/uploads\/2023\/04\/IMG_20220901_064818-1536x2048.jpg 1536w, https:\/\/www.vodotopoholesov.cz\/wp-content\/uploads\/2023\/04\/IMG_20220901_064818-1140x1520.jpg 1140w, https:\/\/www.vodotopoholesov.cz\/wp-content\/uploads\/2023\/04\/IMG_20220901_064818-scaled.jpg 1920w\" sizes=\"(max-width: 768px) 100vw, 768px\" \/><\/a><\/figure>\n\n\n\n<figure class=\"wp-block-image size-large\"><a href=\"https:\/\/www.vodotopoholesov.cz\/wp-content\/uploads\/2023\/04\/IMG_20220901_065551-scaled.jpg\"><img loading=\"lazy\" decoding=\"async\" width=\"1024\" height=\"768\" data-id=\"196\" src=\"https:\/\/www.vodotopoholesov.cz\/wp-content\/uploads\/2023\/04\/IMG_20220901_065551-1024x768.jpg\" alt=\"\" class=\"wp-image-196\" srcset=\"https:\/\/www.vodotopoholesov.cz\/wp-content\/uploads\/2023\/04\/IMG_20220901_065551-1024x768.jpg 1024w, https:\/\/www.vodotopoholesov.cz\/wp-content\/uploads\/2023\/04\/IMG_20220901_065551-300x225.jpg 300w, https:\/\/www.vodotopoholesov.cz\/wp-content\/uploads\/2023\/04\/IMG_20220901_065551-768x576.jpg 768w, https:\/\/www.vodotopoholesov.cz\/wp-content\/uploads\/2023\/04\/IMG_20220901_065551-1536x1152.jpg 1536w, https:\/\/www.vodotopoholesov.cz\/wp-content\/uploads\/2023\/04\/IMG_20220901_065551-2048x1536.jpg 2048w, https:\/\/www.vodotopoholesov.cz\/wp-content\/uploads\/2023\/04\/IMG_20220901_065551-1140x855.jpg 1140w\" sizes=\"(max-width: 1024px) 100vw, 1024px\" \/><\/a><\/figure>\n\n\n\n<figure class=\"wp-block-image size-large\"><a href=\"https:\/\/www.vodotopoholesov.cz\/wp-content\/uploads\/2023\/04\/IMG_20221014_165012-scaled.jpg\"><img loading=\"lazy\" decoding=\"async\" width=\"1024\" height=\"768\" data-id=\"193\" src=\"https:\/\/www.vodotopoholesov.cz\/wp-content\/uploads\/2023\/04\/IMG_20221014_165012-1024x768.jpg\" alt=\"\" class=\"wp-image-193\" srcset=\"https:\/\/www.vodotopoholesov.cz\/wp-content\/uploads\/2023\/04\/IMG_20221014_165012-1024x768.jpg 1024w, https:\/\/www.vodotopoholesov.cz\/wp-content\/uploads\/2023\/04\/IMG_20221014_165012-300x225.jpg 300w, https:\/\/www.vodotopoholesov.cz\/wp-content\/uploads\/2023\/04\/IMG_20221014_165012-768x576.jpg 768w, https:\/\/www.vodotopoholesov.cz\/wp-content\/uploads\/2023\/04\/IMG_20221014_165012-1536x1152.jpg 1536w, https:\/\/www.vodotopoholesov.cz\/wp-content\/uploads\/2023\/04\/IMG_20221014_165012-2048x1536.jpg 2048w, https:\/\/www.vodotopoholesov.cz\/wp-content\/uploads\/2023\/04\/IMG_20221014_165012-1140x855.jpg 1140w\" sizes=\"(max-width: 1024px) 100vw, 1024px\" \/><\/a><\/figure>\n\n\n\n<figure class=\"wp-block-image size-large\"><a href=\"https:\/\/www.vodotopoholesov.cz\/wp-content\/uploads\/2023\/04\/IMG_20221017_160113-scaled.jpg\"><img loading=\"lazy\" decoding=\"async\" width=\"1024\" height=\"768\" data-id=\"198\" src=\"https:\/\/www.vodotopoholesov.cz\/wp-content\/uploads\/2023\/04\/IMG_20221017_160113-1024x768.jpg\" alt=\"\" class=\"wp-image-198\" srcset=\"https:\/\/www.vodotopoholesov.cz\/wp-content\/uploads\/2023\/04\/IMG_20221017_160113-1024x768.jpg 1024w, https:\/\/www.vodotopoholesov.cz\/wp-content\/uploads\/2023\/04\/IMG_20221017_160113-300x225.jpg 300w, https:\/\/www.vodotopoholesov.cz\/wp-content\/uploads\/2023\/04\/IMG_20221017_160113-768x576.jpg 768w, https:\/\/www.vodotopoholesov.cz\/wp-content\/uploads\/2023\/04\/IMG_20221017_160113-1536x1152.jpg 1536w, https:\/\/www.vodotopoholesov.cz\/wp-content\/uploads\/2023\/04\/IMG_20221017_160113-2048x1536.jpg 2048w, https:\/\/www.vodotopoholesov.cz\/wp-content\/uploads\/2023\/04\/IMG_20221017_160113-1140x855.jpg 1140w\" sizes=\"(max-width: 1024px) 100vw, 1024px\" \/><\/a><\/figure>\n\n\n\n<figure class=\"wp-block-image size-large\"><a href=\"https:\/\/www.vodotopoholesov.cz\/wp-content\/uploads\/2023\/04\/IMG_20230125_152404-scaled.jpg\"><img loading=\"lazy\" decoding=\"async\" width=\"768\" height=\"1024\" data-id=\"187\" src=\"https:\/\/www.vodotopoholesov.cz\/wp-content\/uploads\/2023\/04\/IMG_20230125_152404-768x1024.jpg\" alt=\"\" class=\"wp-image-187\" srcset=\"https:\/\/www.vodotopoholesov.cz\/wp-content\/uploads\/2023\/04\/IMG_20230125_152404-768x1024.jpg 768w, https:\/\/www.vodotopoholesov.cz\/wp-content\/uploads\/2023\/04\/IMG_20230125_152404-225x300.jpg 225w, https:\/\/www.vodotopoholesov.cz\/wp-content\/uploads\/2023\/04\/IMG_20230125_152404-1152x1536.jpg 1152w, https:\/\/www.vodotopoholesov.cz\/wp-content\/uploads\/2023\/04\/IMG_20230125_152404-1536x2048.jpg 1536w, https:\/\/www.vodotopoholesov.cz\/wp-content\/uploads\/2023\/04\/IMG_20230125_152404-1140x1520.jpg 1140w, https:\/\/www.vodotopoholesov.cz\/wp-content\/uploads\/2023\/04\/IMG_20230125_152404-scaled.jpg 1920w\" sizes=\"(max-width: 768px) 100vw, 768px\" \/><\/a><\/figure>\n\n\n\n<figure class=\"wp-block-image size-large\"><a href=\"https:\/\/www.vodotopoholesov.cz\/wp-content\/uploads\/2023\/04\/IMG_20221129_095047-scaled.jpg\"><img loading=\"lazy\" decoding=\"async\" width=\"1024\" height=\"768\" data-id=\"192\" src=\"https:\/\/www.vodotopoholesov.cz\/wp-content\/uploads\/2023\/04\/IMG_20221129_095047-1024x768.jpg\" alt=\"\" class=\"wp-image-192\" srcset=\"https:\/\/www.vodotopoholesov.cz\/wp-content\/uploads\/2023\/04\/IMG_20221129_095047-1024x768.jpg 1024w, https:\/\/www.vodotopoholesov.cz\/wp-content\/uploads\/2023\/04\/IMG_20221129_095047-300x225.jpg 300w, https:\/\/www.vodotopoholesov.cz\/wp-content\/uploads\/2023\/04\/IMG_20221129_095047-768x576.jpg 768w, https:\/\/www.vodotopoholesov.cz\/wp-content\/uploads\/2023\/04\/IMG_20221129_095047-1536x1152.jpg 1536w, https:\/\/www.vodotopoholesov.cz\/wp-content\/uploads\/2023\/04\/IMG_20221129_095047-2048x1536.jpg 2048w, https:\/\/www.vodotopoholesov.cz\/wp-content\/uploads\/2023\/04\/IMG_20221129_095047-1140x855.jpg 1140w\" sizes=\"(max-width: 1024px) 100vw, 1024px\" \/><\/a><\/figure>\n\n\n\n<figure class=\"wp-block-image size-large\"><a href=\"https:\/\/www.vodotopoholesov.cz\/wp-content\/uploads\/2023\/04\/IMG_20230118_145122-scaled.jpg\"><img loading=\"lazy\" decoding=\"async\" width=\"1024\" height=\"768\" data-id=\"197\" src=\"https:\/\/www.vodotopoholesov.cz\/wp-content\/uploads\/2023\/04\/IMG_20230118_145122-1024x768.jpg\" alt=\"\" class=\"wp-image-197\" srcset=\"https:\/\/www.vodotopoholesov.cz\/wp-content\/uploads\/2023\/04\/IMG_20230118_145122-1024x768.jpg 1024w, https:\/\/www.vodotopoholesov.cz\/wp-content\/uploads\/2023\/04\/IMG_20230118_145122-300x225.jpg 300w, https:\/\/www.vodotopoholesov.cz\/wp-content\/uploads\/2023\/04\/IMG_20230118_145122-768x576.jpg 768w, https:\/\/www.vodotopoholesov.cz\/wp-content\/uploads\/2023\/04\/IMG_20230118_145122-1536x1152.jpg 1536w, https:\/\/www.vodotopoholesov.cz\/wp-content\/uploads\/2023\/04\/IMG_20230118_145122-2048x1536.jpg 2048w, https:\/\/www.vodotopoholesov.cz\/wp-content\/uploads\/2023\/04\/IMG_20230118_145122-1140x855.jpg 1140w\" sizes=\"(max-width: 1024px) 100vw, 1024px\" \/><\/a><\/figure>\n\n\n\n<figure class=\"wp-block-image size-large\"><a href=\"https:\/\/www.vodotopoholesov.cz\/wp-content\/uploads\/2023\/04\/IMG_20230125_152415-scaled.jpg\"><img loading=\"lazy\" decoding=\"async\" width=\"768\" height=\"1024\" data-id=\"191\" src=\"https:\/\/www.vodotopoholesov.cz\/wp-content\/uploads\/2023\/04\/IMG_20230125_152415-768x1024.jpg\" alt=\"\" class=\"wp-image-191\" srcset=\"https:\/\/www.vodotopoholesov.cz\/wp-content\/uploads\/2023\/04\/IMG_20230125_152415-768x1024.jpg 768w, https:\/\/www.vodotopoholesov.cz\/wp-content\/uploads\/2023\/04\/IMG_20230125_152415-225x300.jpg 225w, https:\/\/www.vodotopoholesov.cz\/wp-content\/uploads\/2023\/04\/IMG_20230125_152415-1152x1536.jpg 1152w, https:\/\/www.vodotopoholesov.cz\/wp-content\/uploads\/2023\/04\/IMG_20230125_152415-1536x2048.jpg 1536w, https:\/\/www.vodotopoholesov.cz\/wp-content\/uploads\/2023\/04\/IMG_20230125_152415-1140x1520.jpg 1140w, https:\/\/www.vodotopoholesov.cz\/wp-content\/uploads\/2023\/04\/IMG_20230125_152415-scaled.jpg 1920w\" sizes=\"(max-width: 768px) 100vw, 768px\" \/><\/a><\/figure>\n\n\n\n<figure class=\"wp-block-image size-large\"><a href=\"https:\/\/www.vodotopoholesov.cz\/wp-content\/uploads\/2023\/04\/IMG_20230125_152419-scaled.jpg\"><img loading=\"lazy\" decoding=\"async\" width=\"1024\" height=\"768\" data-id=\"186\" src=\"https:\/\/www.vodotopoholesov.cz\/wp-content\/uploads\/2023\/04\/IMG_20230125_152419-1024x768.jpg\" alt=\"\" class=\"wp-image-186\" srcset=\"https:\/\/www.vodotopoholesov.cz\/wp-content\/uploads\/2023\/04\/IMG_20230125_152419-1024x768.jpg 1024w, https:\/\/www.vodotopoholesov.cz\/wp-content\/uploads\/2023\/04\/IMG_20230125_152419-300x225.jpg 300w, https:\/\/www.vodotopoholesov.cz\/wp-content\/uploads\/2023\/04\/IMG_20230125_152419-768x576.jpg 768w, https:\/\/www.vodotopoholesov.cz\/wp-content\/uploads\/2023\/04\/IMG_20230125_152419-1536x1152.jpg 1536w, https:\/\/www.vodotopoholesov.cz\/wp-content\/uploads\/2023\/04\/IMG_20230125_152419-2048x1536.jpg 2048w, https:\/\/www.vodotopoholesov.cz\/wp-content\/uploads\/2023\/04\/IMG_20230125_152419-1140x855.jpg 1140w\" sizes=\"(max-width: 1024px) 100vw, 1024px\" \/><\/a><\/figure>\n\n\n\n<figure class=\"wp-block-image size-large\"><a href=\"https:\/\/www.vodotopoholesov.cz\/wp-content\/uploads\/2023\/04\/IMG-8404.jpg\"><img loading=\"lazy\" decoding=\"async\" width=\"768\" height=\"1024\" data-id=\"260\" src=\"https:\/\/www.vodotopoholesov.cz\/wp-content\/uploads\/2023\/04\/IMG-8404-768x1024.jpg\" alt=\"\" class=\"wp-image-260\" srcset=\"https:\/\/www.vodotopoholesov.cz\/wp-content\/uploads\/2023\/04\/IMG-8404-768x1024.jpg 768w, https:\/\/www.vodotopoholesov.cz\/wp-content\/uploads\/2023\/04\/IMG-8404-225x300.jpg 225w, https:\/\/www.vodotopoholesov.cz\/wp-content\/uploads\/2023\/04\/IMG-8404-1152x1536.jpg 1152w, https:\/\/www.vodotopoholesov.cz\/wp-content\/uploads\/2023\/04\/IMG-8404-1140x1520.jpg 1140w, https:\/\/www.vodotopoholesov.cz\/wp-content\/uploads\/2023\/04\/IMG-8404.jpg 1536w\" sizes=\"(max-width: 768px) 100vw, 768px\" \/><\/a><\/figure>\n\n\n\n<figure class=\"wp-block-image size-large\"><a href=\"https:\/\/www.vodotopoholesov.cz\/wp-content\/uploads\/2023\/04\/IMG-8405.jpg\"><img loading=\"lazy\" decoding=\"async\" width=\"768\" height=\"1024\" data-id=\"261\" src=\"https:\/\/www.vodotopoholesov.cz\/wp-content\/uploads\/2023\/04\/IMG-8405-768x1024.jpg\" alt=\"\" class=\"wp-image-261\" srcset=\"https:\/\/www.vodotopoholesov.cz\/wp-content\/uploads\/2023\/04\/IMG-8405-768x1024.jpg 768w, https:\/\/www.vodotopoholesov.cz\/wp-content\/uploads\/2023\/04\/IMG-8405-225x300.jpg 225w, https:\/\/www.vodotopoholesov.cz\/wp-content\/uploads\/2023\/04\/IMG-8405-1152x1536.jpg 1152w, https:\/\/www.vodotopoholesov.cz\/wp-content\/uploads\/2023\/04\/IMG-8405-1140x1520.jpg 1140w, https:\/\/www.vodotopoholesov.cz\/wp-content\/uploads\/2023\/04\/IMG-8405.jpg 1536w\" sizes=\"(max-width: 768px) 100vw, 768px\" \/><\/a><\/figure>\n\n\n\n<figure class=\"wp-block-image size-large\"><a href=\"https:\/\/www.vodotopoholesov.cz\/wp-content\/uploads\/2023\/04\/IMG-8406.jpg\"><img loading=\"lazy\" decoding=\"async\" width=\"1024\" height=\"768\" data-id=\"262\" src=\"https:\/\/www.vodotopoholesov.cz\/wp-content\/uploads\/2023\/04\/IMG-8406-1024x768.jpg\" alt=\"\" class=\"wp-image-262\" srcset=\"https:\/\/www.vodotopoholesov.cz\/wp-content\/uploads\/2023\/04\/IMG-8406-1024x768.jpg 1024w, https:\/\/www.vodotopoholesov.cz\/wp-content\/uploads\/2023\/04\/IMG-8406-300x225.jpg 300w, https:\/\/www.vodotopoholesov.cz\/wp-content\/uploads\/2023\/04\/IMG-8406-768x576.jpg 768w, https:\/\/www.vodotopoholesov.cz\/wp-content\/uploads\/2023\/04\/IMG-8406-1536x1152.jpg 1536w, https:\/\/www.vodotopoholesov.cz\/wp-content\/uploads\/2023\/04\/IMG-8406-1140x855.jpg 1140w, https:\/\/www.vodotopoholesov.cz\/wp-content\/uploads\/2023\/04\/IMG-8406.jpg 2048w\" sizes=\"(max-width: 1024px) 100vw, 1024px\" \/><\/a><\/figure>\n\n\n\n<figure class=\"wp-block-image size-large\"><a href=\"https:\/\/www.vodotopoholesov.cz\/wp-content\/uploads\/2023\/04\/IMG-8407.jpg\"><img loading=\"lazy\" decoding=\"async\" width=\"768\" height=\"1024\" data-id=\"263\" src=\"https:\/\/www.vodotopoholesov.cz\/wp-content\/uploads\/2023\/04\/IMG-8407-768x1024.jpg\" alt=\"\" class=\"wp-image-263\" srcset=\"https:\/\/www.vodotopoholesov.cz\/wp-content\/uploads\/2023\/04\/IMG-8407-768x1024.jpg 768w, https:\/\/www.vodotopoholesov.cz\/wp-content\/uploads\/2023\/04\/IMG-8407-225x300.jpg 225w, https:\/\/www.vodotopoholesov.cz\/wp-content\/uploads\/2023\/04\/IMG-8407-1152x1536.jpg 1152w, https:\/\/www.vodotopoholesov.cz\/wp-content\/uploads\/2023\/04\/IMG-8407-1140x1520.jpg 1140w, https:\/\/www.vodotopoholesov.cz\/wp-content\/uploads\/2023\/04\/IMG-8407.jpg 1536w\" sizes=\"(max-width: 768px) 100vw, 768px\" \/><\/a><\/figure>\n\n\n\n<figure class=\"wp-block-image size-large\"><a href=\"https:\/\/www.vodotopoholesov.cz\/wp-content\/uploads\/2023\/04\/atmos.jpg\"><img loading=\"lazy\" decoding=\"async\" width=\"712\" height=\"960\" data-id=\"265\" src=\"https:\/\/www.vodotopoholesov.cz\/wp-content\/uploads\/2023\/04\/atmos.jpg\" alt=\"\" class=\"wp-image-265\" srcset=\"https:\/\/www.vodotopoholesov.cz\/wp-content\/uploads\/2023\/04\/atmos.jpg 712w, https:\/\/www.vodotopoholesov.cz\/wp-content\/uploads\/2023\/04\/atmos-223x300.jpg 223w\" sizes=\"(max-width: 712px) 100vw, 712px\" \/><\/a><\/figure>\n<\/figure>\n","protected":false},"excerpt":{"rendered":"<p>Ji\u017e p\u0159ed 25 lety jsme za\u010dali s mont\u00e1\u017e\u00ed kotl\u016f na tuh\u00e1 paliva. Dnes si dovol\u00edm \u0159\u00edct, \u017ee n\u00e1s m\u00e1lo co p\u0159ekvap\u00ed. Jeliko\u017e na\u0161e firma m\u00e1 opr\u00e1vn\u011bn\u00ed na sva\u0159ov\u00e1n\u00ed autogenem, nen\u00ed pro n\u00e1s probl\u00e9m p\u0159ipojit cokoli.<\/p>\n","protected":false},"author":1,"featured_media":0,"parent":0,"menu_order":0,"comment_status":"closed","ping_status":"closed","template":"","meta":{"footnotes":""},"class_list":["post-106","page","type-page","status-publish","hentry"],"acf":[],"_links":{"self":[{"href":"https:\/\/www.vodotopoholesov.cz\/index.php?rest_route=\/wp\/v2\/pages\/106","targetHints":{"allow":["GET"]}}],"collection":[{"href":"https:\/\/www.vodotopoholesov.cz\/index.php?rest_route=\/wp\/v2\/pages"}],"about":[{"href":"https:\/\/www.vodotopoholesov.cz\/index.php?rest_route=\/wp\/v2\/types\/page"}],"author":[{"embeddable":true,"href":"https:\/\/www.vodotopoholesov.cz\/index.php?rest_route=\/wp\/v2\/users\/1"}],"replies":[{"embeddable":true,"href":"https:\/\/www.vodotopoholesov.cz\/index.php?rest_route=%2Fwp%2Fv2%2Fcomments&post=106"}],"version-history":[{"count":8,"href":"https:\/\/www.vodotopoholesov.cz\/index.php?rest_route=\/wp\/v2\/pages\/106\/revisions"}],"predecessor-version":[{"id":303,"href":"https:\/\/www.vodotopoholesov.cz\/index.php?rest_route=\/wp\/v2\/pages\/106\/revisions\/303"}],"wp:attachment":[{"href":"https:\/\/www.vodotopoholesov.cz\/index.php?rest_route=%2Fwp%2Fv2%2Fmedia&parent=106"}],"curies":[{"name":"wp","href":"https:\/\/api.w.org\/{rel}","templated":true}]}}